{"id":10362,"date":"2024-09-13T11:39:26","date_gmt":"2024-09-13T11:39:26","guid":{"rendered":"https:\/\/houseofbotanique.com\/?post_type=product&#038;p=10362"},"modified":"2025-06-24T08:17:43","modified_gmt":"2025-06-24T08:17:43","slug":"anthurium-bakeri-oe6-cm","status":"publish","type":"product","link":"https:\/\/houseofbotanique.com\/da\/produkt\/anthurium-bakeri-oe6-cm\/","title":{"rendered":"Anthurium Bakeri &#8211; \u00d86 cm"},"content":{"rendered":"<p>Her er en enkel pasningsvejledning til din Anthurium Bakeri, designet til at f\u00e5 denne elegante tropiske plante til at trives. Med sine blanke, dybgr\u00f8nne blade og sin yndefulde, buede form giver Anthurium Bakeri et strejf af raffinement til ethvert rum. F\u00f8lg disse enkle plejetips for at sikre, at den forbliver sund og levende, samtidig med at du s\u00e6tter pris p\u00e5 dens minimale vedligeholdelsesbehov.<\/p>\n<ul>\n<li>Milj\u00f8 &#8211; Placer din Anthurium Bakeri i st\u00e6rkt, indirekte lys. Den kan t\u00e5le lidt morgensol, men b\u00f8r beskyttes mod intense eftermiddagsstr\u00e5ler. Den foretr\u00e6kker et varmt, fugtigt milj\u00f8, som er typisk for dens oprindelige levested i regnskoven.<\/li>\n<li>Vanding &#8211; Lad den \u00f8verste centimeter af jorden t\u00f8rre ud mellem vandingerne. Denne plante er t\u00f8rketolerant og kan klare lejlighedsvis manglende vanding. S\u00f8rg altid for, at potten har god dr\u00e6ning for at undg\u00e5 vandm\u00e6tning.<\/li>\n<li>Bladpleje &#8211; Hold de blanke blade rene ved at t\u00f8rre dem forsigtigt af med en fugtig klud for at fjerne st\u00f8v. Det hj\u00e6lper med at bevare glansen og giver planten mulighed for at \u00e5nde ordentligt. Hvis bladene bliver st\u00f8vede, kan de miste deres levende udseende.<\/li>\n<li>G\u00f8dning &#8211; Giv din Anthurium Bakeri flydende g\u00f8dning hver 4.-6. uge i v\u00e6ksts\u00e6sonen (for\u00e5r og sommer). Reducer fodringen om efter\u00e5ret og vinteren, n\u00e5r plantens v\u00e6kst aftager.<\/li>\n<\/ul>\n","protected":false},"excerpt":{"rendered":"<p>M\u00f8d Anthurium Bakeri, en karakteristisk tropisk plante med lange, smalle, blanke blade, der skiller sig ud fra andre Anthuriums. Denne miniplante kommer i en 6 cm potte, og dens dybgr\u00f8nne, buede l\u00f8v skaber et frodigt og elegant udseende &#8211; hvilket g\u00f8r den til en raffineret tilf\u00f8jelse til ethvert indend\u00f8rs rum. Anthurium Bakeri er kendt for sin modstandsdygtighed og trives i st\u00e6rkt, indirekte lys og kr\u00e6ver minimal pleje. Den kan t\u00e5le korte perioder med t\u00f8rke og beh\u00f8ver kun lejlighedsvis vanding. Efterh\u00e5nden som r\u00f8dderne vokser, udvider bladene sig, hvilket g\u00f8r ompotning til en givende oplevelse. Denne plante med lav vedligeholdelse stammer fra regnskovene i Mellem- og Sydamerika og er et fremragende valg for b\u00e5de begyndere og erfarne plantesamlere.<\/p>\n<p class=\"p1\"><span class=\"s1\"><strong>Bem\u00e6rk:<\/strong> Planten s\u00e6lges separat og inkluderer ikke den keramiske potte, der er vist p\u00e5 billederne. Udforsk vores udvalg af smukke keramiske potter, der kan k\u00f8bes p\u00e5 vores <a href=\"https:\/\/houseofbotanique.com\/da\/produkt-kategori\/alle-produkter\/keramik-da\/\"><span class=\"s2\">Keramik-side<\/span><\/a>. <\/span><\/p>\n","protected":false},"featured_media":10320,"comment_status":"open","ping_status":"closed","template":"","meta":{"_acf_changed":false},"product_cat":[108,109,229],"product_tag":[],"giftcard-category":[],"class_list":{"0":"post-10362","1":"product","2":"type-product","3":"status-publish","4":"has-post-thumbnail","6":"product_cat-gronne-planter","7":"product_cat-mini-planter","8":"product_cat-alle-planter","9":"pa_plant-family-anthurium-da","11":"first","12":"outofstock","13":"taxable","14":"shipping-taxable","15":"purchasable","16":"product-type-simple","swatches":"rey-swatches","show_selected":""},"wooqr_code":"","acf":[],"_links":{"self":[{"href":"https:\/\/houseofbotanique.com\/da\/wp-json\/wp\/v2\/product\/10362","targetHints":{"allow":["GET"]}}],"collection":[{"href":"https:\/\/houseofbotanique.com\/da\/wp-json\/wp\/v2\/product"}],"about":[{"href":"https:\/\/houseofbotanique.com\/da\/wp-json\/wp\/v2\/types\/product"}],"replies":[{"embeddable":true,"href":"https:\/\/houseofbotanique.com\/da\/wp-json\/wp\/v2\/comments?post=10362"}],"wp:featuredmedia":[{"embeddable":true,"href":"https:\/\/houseofbotanique.com\/da\/wp-json\/wp\/v2\/media\/10320"}],"wp:attachment":[{"href":"https:\/\/houseofbotanique.com\/da\/wp-json\/wp\/v2\/media?parent=10362"}],"wp:term":[{"taxonomy":"product_cat","embeddable":true,"href":"https:\/\/houseofbotanique.com\/da\/wp-json\/wp\/v2\/product_cat?post=10362"},{"taxonomy":"product_tag","embeddable":true,"href":"https:\/\/houseofbotanique.com\/da\/wp-json\/wp\/v2\/product_tag?post=10362"},{"taxonomy":"giftcard-category","embeddable":true,"href":"https:\/\/houseofbotanique.com\/da\/wp-json\/wp\/v2\/giftcard-category?post=10362"}],"curies":[{"name":"wp","href":"https:\/\/api.w.org\/{rel}","templated":true}]}}