{"id":10363,"date":"2024-09-13T11:38:28","date_gmt":"2024-09-13T11:38:28","guid":{"rendered":"https:\/\/houseofbotanique.com\/?post_type=product&#038;p=10363"},"modified":"2024-12-03T18:49:59","modified_gmt":"2024-12-03T18:49:59","slug":"anthurium-renaissance-variegata-oe6-cm","status":"publish","type":"product","link":"https:\/\/houseofbotanique.com\/da\/produkt\/anthurium-renaissance-variegata-oe6-cm\/","title":{"rendered":"Anthurium Renaissance Variegata &#8211; \u00d86 cm"},"content":{"rendered":"<ul>\n<li>Milj\u00f8 &#8211; Placer din Anthurium Renaissance Variegata i lyst, indirekte lys. Den kan t\u00e5le lidt morgensol, men b\u00f8r beskyttes mod h\u00e5rde eftermiddagsstr\u00e5ler. Den trives i et varmt, fugtigt milj\u00f8, der ligner dens oprindelige tropiske regnskovsmilj\u00f8.<\/li>\n<li>Vanding &#8211; Lad den \u00f8verste centimeter af jorden t\u00f8rre ud mellem vandingerne. Denne plante er relativt t\u00f8rketolerant, men foretr\u00e6kker konstant fugt.<\/li>\n<li>S\u00f8rg for, at potten har et godt dr\u00e6n for at undg\u00e5 vandansamlinger.<\/li>\n<li>Bladpleje &#8211; Hold de lange, blanke blade rene ved at t\u00f8rre dem forsigtigt af med en fugtig klud for at fjerne st\u00f8v. Det hj\u00e6lper med at bevare deres livlige udseende og sikrer, at planten kan \u00e5nde ordentligt.<\/li>\n<li>G\u00f8dning &#8211; Giv din Anthurium Renaissance Variegata flydende g\u00f8dning hver 4.-6. uge i v\u00e6ksts\u00e6sonen (for\u00e5r og sommer). Reducer fodringen om efter\u00e5ret og vinteren, n\u00e5r v\u00e6ksten aftager.<\/li>\n<\/ul>\n","protected":false},"excerpt":{"rendered":"<p>Oplev Anthurium Renaissance Variegata, en charmerende miniplante, der tilf\u00f8rer ethvert rum et strejf af farve. Denne anthurium har lange, yndefuldt formede blade i en smuk blanding af lysegr\u00f8nt, gr\u00f8nt og gult. Den karakteristiske brogede farve og den kompakte st\u00f8rrelse g\u00f8r den til et ideelt valg til b\u00e5de sm\u00e5 og store planteudstillinger. Anthurium er hjemmeh\u00f8rende i de tropiske regnskove i Mellem- og Sydamerika og er ber\u00f8mt for sit blanke l\u00f8v og sin robusthed. Renaissance Variegata skiller sig ud med sine i\u00f8jnefaldende bladm\u00f8nstre og lave vedligeholdelse. Nyd den frodige sk\u00f8nhed ved denne karakteristiske plante og den tropiske flair, den bringer til dit hjem.<\/p>\n<p class=\"p1\"><span class=\"s1\"><strong>Bem\u00e6rk:<\/strong> Planten s\u00e6lges separat og inkluderer ikke den keramiske potte, der er vist p\u00e5 billederne. Udforsk vores udvalg af smukke keramiske potter, der kan k\u00f8bes p\u00e5 vores <a href=\"https:\/\/houseofbotanique.com\/da\/produkt-kategori\/alle-produkter\/keramik-da\/\"><span class=\"s2\">Keramik-side<\/span><\/a>. <\/span><\/p>\n","protected":false},"featured_media":10357,"comment_status":"open","ping_status":"closed","template":"","meta":{"_acf_changed":false},"product_cat":[125,108,109,302,229],"product_tag":[],"giftcard-category":[],"class_list":{"0":"post-10363","1":"product","2":"type-product","3":"status-publish","4":"has-post-thumbnail","6":"product_cat-alle-produkter","7":"product_cat-gronne-planter","8":"product_cat-mini-planter","9":"product_cat-nemme-indendoers-planter","10":"product_cat-alle-planter","11":"pa_plant-family-anthurium-da","13":"first","14":"outofstock","15":"taxable","16":"shipping-taxable","17":"purchasable","18":"product-type-simple","swatches":"rey-swatches","show_selected":""},"wooqr_code":"","acf":[],"_links":{"self":[{"href":"https:\/\/houseofbotanique.com\/da\/wp-json\/wp\/v2\/product\/10363","targetHints":{"allow":["GET"]}}],"collection":[{"href":"https:\/\/houseofbotanique.com\/da\/wp-json\/wp\/v2\/product"}],"about":[{"href":"https:\/\/houseofbotanique.com\/da\/wp-json\/wp\/v2\/types\/product"}],"replies":[{"embeddable":true,"href":"https:\/\/houseofbotanique.com\/da\/wp-json\/wp\/v2\/comments?post=10363"}],"wp:featuredmedia":[{"embeddable":true,"href":"https:\/\/houseofbotanique.com\/da\/wp-json\/wp\/v2\/media\/10357"}],"wp:attachment":[{"href":"https:\/\/houseofbotanique.com\/da\/wp-json\/wp\/v2\/media?parent=10363"}],"wp:term":[{"taxonomy":"product_cat","embeddable":true,"href":"https:\/\/houseofbotanique.com\/da\/wp-json\/wp\/v2\/product_cat?post=10363"},{"taxonomy":"product_tag","embeddable":true,"href":"https:\/\/houseofbotanique.com\/da\/wp-json\/wp\/v2\/product_tag?post=10363"},{"taxonomy":"giftcard-category","embeddable":true,"href":"https:\/\/houseofbotanique.com\/da\/wp-json\/wp\/v2\/giftcard-category?post=10363"}],"curies":[{"name":"wp","href":"https:\/\/api.w.org\/{rel}","templated":true}]}}