{"id":12858,"date":"2025-01-22T08:29:27","date_gmt":"2025-01-22T08:29:27","guid":{"rendered":"https:\/\/houseofbotanique.com\/product\/spathiphyllum-kochii-variegata\/"},"modified":"2025-06-05T18:55:56","modified_gmt":"2025-06-05T18:55:56","slug":"spathiphyllum-kochii-variegata","status":"publish","type":"product","link":"https:\/\/houseofbotanique.com\/da\/produkt\/spathiphyllum-kochii-variegata\/","title":{"rendered":"Spathiphyllum Kochii Variegata &#8211; \u00d8 6 cm"},"content":{"rendered":"<ul>\n<li><strong>Lys<\/strong><br \/>\nSpathiphyllum Kochii Variegata trives i delvis til dyb skygge, hvilket g\u00f8r den ideel til indend\u00f8rs rum med filtreret eller svagt lys. Undg\u00e5 direkte sollys, som kan svide bladene og beskadige brogetheden. <\/li>\n<\/ul>\n<p>&nbsp;<\/p>\n<ul>\n<li><strong>Vanding<\/strong><br \/>\nDenne fredslilje nyder en konstant fugtig jord, men bryder sig ikke om fedtethed. Lad den \u00f8verste centimeter jord t\u00f8rre ud mellem vandingerne. Vanding nedefra kan hj\u00e6lpe med at fremme en sund rodv\u00e6kst og forhindre overvanding. Reducer vandingshyppigheden i de k\u00f8ligere m\u00e5neder. Hvis du f\u00f8lger disse tips til vanding af fredsliljen, sikrer du optimal v\u00e6kst.    <\/li>\n<\/ul>\n<p>&nbsp;<\/p>\n<ul>\n<li><strong>Luftfugtighed<\/strong><br \/>\nSpathiphyllum foretr\u00e6kker en gennemsnitlig til lidt h\u00f8jere luftfugtighed. \u00d8g luftfugtigheden ved at spraye planten, placere den p\u00e5 en fugtighedsbakke eller s\u00e6tte den sammen med andre stueplanter. <\/li>\n<\/ul>\n<p>&nbsp;<\/p>\n<ul>\n<li><strong>Jord<\/strong><br \/>\nBrug en veldr\u00e6nende potteblanding med et h\u00f8jt indhold af organisk materiale. En blanding af t\u00f8rvemos, perlit og kompost er ideel. N\u00e5r du overvejer at ompotte Spathiphyllum, s\u00e5 sigt efter sen vinter eller tidligt for\u00e5r, og s\u00f8rg for, at den nye potte er lidt st\u00f8rre, s\u00e5 planten sidder godt fast i potten.  <\/li>\n<\/ul>\n<p>&nbsp;<\/p>\n<ul>\n<li><strong>G\u00f8dning<\/strong><br \/>\nTilf\u00f8r m\u00e5nedligt i den aktive v\u00e6ksts\u00e6son (for\u00e5r og sommer) med en fortyndet, afbalanceret g\u00f8dning. Skyl jorden af og til for at forhindre ophobning af salt. Undg\u00e5 at overg\u00f8de, da det kan f\u00f8re til br\u00e6ndte bladspidser og rodskader.  <\/li>\n<\/ul>\n<p>&nbsp;<\/p>\n<ul>\n<li><strong>Besk\u00e6ring<\/strong><br \/>\nFjern gule eller visne blade for at fremme ny v\u00e6kst og f\u00e5 planten til at se p\u00e6n ud.<\/li>\n<\/ul>\n","protected":false},"excerpt":{"rendered":"<p>Spathiphyllum Kochii Variegata er et fantastisk valg for planteentusiaster med elegante gr\u00f8nne blade, der er prydet med sl\u00e5ende hvide variationer. Denne stedsegr\u00f8nne staude er hjemmeh\u00f8rende i tropiske omr\u00e5der i Mexico, Malesia og det vestlige Stillehav og tilf\u00f8jer et strejf af raffinement til ethvert indend\u00f8rs rum. Den trives i halvskygge til dyb skygge og er velegnet til omr\u00e5der med mindre lys i dit hjem.  <\/p>\n<p><strong>Bem\u00e6rk:<\/strong> Planten s\u00e6lges separat og inkluderer ikke den keramiske potte, der ses p\u00e5 billederne. Udforsk vores udvalg af smukke keramiske potter p\u00e5 vores <a href=\"https:\/\/houseofbotanique.com\/da\/produkt-kategori\/alle-produkter\/keramik-da\/\"><span class=\"s2\">Keramik-side<\/span><\/a> og find det perfekte match til din plante. <\/p>\n","protected":false},"featured_media":14305,"comment_status":"open","ping_status":"closed","template":"","meta":{"_acf_changed":false},"product_cat":[125,389,109,302,265,229],"product_tag":[],"giftcard-category":[],"class_list":{"0":"post-12858","1":"product","2":"type-product","3":"status-publish","4":"has-post-thumbnail","6":"product_cat-alle-produkter","7":"product_cat-hvide-variegerede-planter","8":"product_cat-mini-planter","9":"product_cat-nemme-indendoers-planter","10":"product_cat-new-arrivals-da","11":"product_cat-alle-planter","12":"pa_plant-family-spathiphyllum-da","14":"first","15":"outofstock","16":"taxable","17":"shipping-taxable","18":"purchasable","19":"product-type-simple","swatches":"rey-swatches","show_selected":""},"wooqr_code":"","acf":[],"_links":{"self":[{"href":"https:\/\/houseofbotanique.com\/da\/wp-json\/wp\/v2\/product\/12858","targetHints":{"allow":["GET"]}}],"collection":[{"href":"https:\/\/houseofbotanique.com\/da\/wp-json\/wp\/v2\/product"}],"about":[{"href":"https:\/\/houseofbotanique.com\/da\/wp-json\/wp\/v2\/types\/product"}],"replies":[{"embeddable":true,"href":"https:\/\/houseofbotanique.com\/da\/wp-json\/wp\/v2\/comments?post=12858"}],"wp:featuredmedia":[{"embeddable":true,"href":"https:\/\/houseofbotanique.com\/da\/wp-json\/wp\/v2\/media\/14305"}],"wp:attachment":[{"href":"https:\/\/houseofbotanique.com\/da\/wp-json\/wp\/v2\/media?parent=12858"}],"wp:term":[{"taxonomy":"product_cat","embeddable":true,"href":"https:\/\/houseofbotanique.com\/da\/wp-json\/wp\/v2\/product_cat?post=12858"},{"taxonomy":"product_tag","embeddable":true,"href":"https:\/\/houseofbotanique.com\/da\/wp-json\/wp\/v2\/product_tag?post=12858"},{"taxonomy":"giftcard-category","embeddable":true,"href":"https:\/\/houseofbotanique.com\/da\/wp-json\/wp\/v2\/giftcard-category?post=12858"}],"curies":[{"name":"wp","href":"https:\/\/api.w.org\/{rel}","templated":true}]}}