{"id":14574,"date":"2025-03-25T14:40:25","date_gmt":"2025-03-25T14:40:25","guid":{"rendered":"https:\/\/houseofbotanique.com\/product\/alocasia-black-velvet-albo-pink-variegata-oe-6-cm\/"},"modified":"2025-07-08T06:44:33","modified_gmt":"2025-07-08T06:44:33","slug":"alocasia-sort-velvet-albo-pink-variegata-o-6-cm","status":"publish","type":"product","link":"https:\/\/houseofbotanique.com\/da\/produkt\/alocasia-sort-velvet-albo-pink-variegata-o-6-cm\/","title":{"rendered":"Alocasia Black Velvet Albo Pink Variegata &#8211; \u00d8 6 cm"},"content":{"rendered":"<p>Denne Alocasia-sort trives i st\u00e6rkt, indirekte lys, men kan t\u00e5le halvskygge. Den foretr\u00e6kker let fugtig jord og regelm\u00e6ssig vanding, s\u00e5 den \u00f8verste tomme af jorden kan t\u00f8rre ud mellem vandingerne.<\/p>\n<p>Det er v\u00e6rd at bem\u00e6rke, at Alocasias kr\u00e6ver lidt mere opm\u00e6rksomhed og pleje sammenlignet med nogle andre stueplanter. Den s\u00e6tter pris p\u00e5 en veldr\u00e6net jordblanding og b\u00f8r ikke overvandes, da det kan f\u00f8re til rodr\u00e5d. Det er ogs\u00e5 vigtigt at s\u00f8rge for tilstr\u00e6kkelig luftgennemstr\u00f8mning omkring planten og r\u00f8dderne for at forhindre ophobning af overskydende fugt og opretholde blad- og rodsundhed.<\/p>\n<ul>\n<li>Milj\u00f8 &#8211; Ideelt placeret i et lyst milj\u00f8, dog ikke i direkte sol i m\u00e5neder med st\u00e6rk sol. Temperaturer p\u00e5 mellem 18 og 30 grader Celsius anbefales.<\/li>\n<li>Vanding &#8211; Vand en gang om ugen, og s\u00f8rg for ikke at overvande, lad planten absorbere alt vandet inden for et par timer. Hvis der er noget vand tilbage, skal du h\u00e6lde resten ud. Pr\u00f8v med 100-200 ml til mellemstore potter (10-12 \u00f8 cm potter) og 50 ml til miniplanter (6 cm). Efter et nogle begynder jorden at t\u00f8rre ud, og her kan du vente en dag eller to med at vande. I vinterperioder med mindre v\u00e6kst kan du vente ca. 14 dage mellem vanding.<\/li>\n<li>Pleje af bladene &#8211; Det er almindeligt, at de ydre blade bliver gule p\u00e5 et tidspunkt, s\u00e5 vent til bladst\u00e6nglen l\u00f8sner sig lidt fra planten, f\u00f8r du fjerner den, men g\u00f8r det med forsigtighed for at undg\u00e5 at skade planten. Hvis du bem\u00e6rker, at bladene drypper, er det ikke us\u00e6dvanligt, og det kan bl.a. skyldes overvanding eller h\u00f8jere temperaturer.<\/li>\n<li>G\u00f8dning &#8211; Kan gives en gang om m\u00e5neden i for\u00e5rs- og sommerperioden. Om vinteren er planten ikke s\u00e5 tilb\u00f8jelig til at vokse, og derfor vil planten ikke optage g\u00f8dningen.<\/li>\n<\/ul>\n","protected":false},"excerpt":{"rendered":"<p class=\"\" data-start=\"53\" data-end=\"496\">Alocasia Black Velvet Pink Albo Variegata er en sj\u00e6lden og betagende plante, der beundres for sin sl\u00e5ende kombination af rosa, hvide og sorte toner. Dens fl\u00f8jlsagtige blade giver en bl\u00f8d, luksuri\u00f8s fornemmelse og g\u00f8r den til et \u00e6gte statement. N\u00e5r nye blade vokser, kan de have lysere rosa eller hvide nuancer, mens \u00e6ldre blade udvikler sig til dybere rosa nuancer. I st\u00e6rkt lys bliver den lyser\u00f8de farve endnu mere levende, hvilket yderligere forst\u00e6rker dens sk\u00f8nhed.   <\/p>\n<p data-start=\"53\" data-end=\"496\">\n<div class=\"woocommerce-product-details__short-description\">\n<p data-start=\"463\" data-end=\"625\" data-is-last-node=\"\" data-is-only-node=\"\">Som en del af vores kategori med sj\u00e6ldne planter kan du anmode om aktuelle fotos via Instagram DM. Vi tilstr\u00e6ber altid at sende en plante s\u00e5 t\u00e6t som muligt p\u00e5 den, der vises p\u00e5 dette billede. <\/p>\n<p>Bem\u00e6rk: Planten s\u00e6lges separat og inkluderer ikke den keramiske potte, der er vist p\u00e5 billederne. G\u00e5 p\u00e5 opdagelse i vores udvalg af smukke keramikkrukker p\u00e5 vores <a href=\"https:\/\/houseofbotanique.com\/product-category\/all-products\/ceramics\/?attro-pot-size=87\">keramikside<\/a> og find det perfekte match til din plante. <\/p>\n<\/div>\n","protected":false},"featured_media":14543,"comment_status":"open","ping_status":"closed","template":"","meta":{"_acf_changed":false},"product_cat":[304,389,109,265,368,186],"product_tag":[],"giftcard-category":[],"class_list":{"0":"post-14574","1":"product","2":"type-product","3":"status-publish","4":"has-post-thumbnail","6":"product_cat-alocasia-da","7":"product_cat-hvide-variegerede-planter","8":"product_cat-mini-planter","9":"product_cat-new-arrivals-da","10":"product_cat-pink-planter-kollektion","11":"product_cat-sjaeldne-planter","12":"pa_plant-family-alocasia-da","14":"first","15":"outofstock","16":"featured","17":"taxable","18":"shipping-taxable","19":"purchasable","20":"product-type-simple","swatches":"rey-swatches","show_selected":""},"wooqr_code":"","acf":[],"_links":{"self":[{"href":"https:\/\/houseofbotanique.com\/da\/wp-json\/wp\/v2\/product\/14574","targetHints":{"allow":["GET"]}}],"collection":[{"href":"https:\/\/houseofbotanique.com\/da\/wp-json\/wp\/v2\/product"}],"about":[{"href":"https:\/\/houseofbotanique.com\/da\/wp-json\/wp\/v2\/types\/product"}],"replies":[{"embeddable":true,"href":"https:\/\/houseofbotanique.com\/da\/wp-json\/wp\/v2\/comments?post=14574"}],"wp:featuredmedia":[{"embeddable":true,"href":"https:\/\/houseofbotanique.com\/da\/wp-json\/wp\/v2\/media\/14543"}],"wp:attachment":[{"href":"https:\/\/houseofbotanique.com\/da\/wp-json\/wp\/v2\/media?parent=14574"}],"wp:term":[{"taxonomy":"product_cat","embeddable":true,"href":"https:\/\/houseofbotanique.com\/da\/wp-json\/wp\/v2\/product_cat?post=14574"},{"taxonomy":"product_tag","embeddable":true,"href":"https:\/\/houseofbotanique.com\/da\/wp-json\/wp\/v2\/product_tag?post=14574"},{"taxonomy":"giftcard-category","embeddable":true,"href":"https:\/\/houseofbotanique.com\/da\/wp-json\/wp\/v2\/giftcard-category?post=14574"}],"curies":[{"name":"wp","href":"https:\/\/api.w.org\/{rel}","templated":true}]}}