{"id":15864,"date":"2025-07-11T10:02:08","date_gmt":"2025-07-11T10:02:08","guid":{"rendered":"https:\/\/houseofbotanique.com\/product\/alocasia-longiloba-purple-vein-oe-12-cm\/"},"modified":"2025-07-14T09:03:21","modified_gmt":"2025-07-14T09:03:21","slug":"alocasia-longiloba-lilla-nerve-o-12-cm","status":"publish","type":"product","link":"https:\/\/houseofbotanique.com\/da\/produkt\/alocasia-longiloba-lilla-nerve-o-12-cm\/","title":{"rendered":"Alocasia Longiloba Purple Vein &#8211; \u00d8 12 cm"},"content":{"rendered":"<ul>\n<li>Milj\u00f8: Din Alocasia Longiloba Purple Vein vil blomstre i st\u00e6rkt, indirekte lys. V\u00e6lg et sted med masser af naturligt lys, men afsk\u00e6rmet fra direkte sol for at holde bladene levende og sunde. <\/li>\n<\/ul>\n<p>&nbsp;<\/p>\n<ul>\n<li>Vanding: Vand ugentligt med 100-150 ml til 12 cm potter, og s\u00f8rg for, at planten optager vandet i l\u00f8bet af et par timer, og fjern overskydende vand. Lad jorden t\u00f8rre lidt f\u00f8r n\u00e6ste vanding. Om vinteren skal vandingsintervallet forl\u00e6nges til ca. 14 dage p\u00e5 grund af langsommere v\u00e6kst.  <\/li>\n<\/ul>\n<p>&nbsp;<\/p>\n<ul>\n<li>Pleje af blade: Det er naturligt, at \u00e6ldre blade bliver gule. Fjern dem forsigtigt, n\u00e5r st\u00e6nglen begynder at l\u00f8sne sig. Hvis bladene begynder at dryppe, kan det skyldes overvanding eller h\u00f8je temperaturer. Hold bladene friske ved at spraye dem regelm\u00e6ssigt eller t\u00f8rre st\u00f8v af.   <\/li>\n<\/ul>\n<p>&nbsp;<\/p>\n<ul>\n<li>G\u00f8dning: Giv din Alocasia flydende g\u00f8dning en gang om m\u00e5neden i v\u00e6ksts\u00e6sonen for\u00e5r og sommer. Sk\u00e6r ned p\u00e5 fodringen om vinteren, n\u00e5r plantens v\u00e6kst aftager. Hold din plante i et fugtigt milj\u00f8 eller i n\u00e6rheden af en luftfugter for at sikre, at den forbliver glad og sund.  <\/li>\n<\/ul>\n","protected":false},"excerpt":{"rendered":"<p>Alocasia Longiloba &#8216;Purple Vein&#8217; har f\u00e5et sit navn fra de kraftige lilla linjer, der l\u00f8ber gennem de m\u00f8rkegr\u00f8nne, pileformede blade. Disse \u00e5rer giver planten et unikt og i\u00f8jnefaldende udseende. <\/p>\n<p>Hver plante er dyrket med k\u00e6rlighed i Danmark. Den leveres i en plastikpotte med en diameter p\u00e5 12 cm, klar til at blive placeret i din foretrukne keramiske d\u00e6kpotte. Denne plante, som stammer fra Syd\u00f8stasien, nyder varme og st\u00e6rkt lys og tilf\u00f8jer et skulpturelt pr\u00e6g til ethvert rum.  <\/p>\n<p><strong>Bem\u00e6rk:<\/strong> Planten s\u00e6lges separat og inkluderer ikke den keramiske potte, der er vist p\u00e5 billederne. Se vores udvalg af smukke keramikpotter, som du kan k\u00f8be p\u00e5 vores <a href=\"https:\/\/houseofbotanique.com\/da\/produkt-kategori\/alle-produkter\/keramik-da\/\" target=\"_blank\" rel=\"noopener\">keramikside<\/a>. <\/p>\n","protected":false},"featured_media":15866,"comment_status":"open","ping_status":"closed","template":"","meta":{"_acf_changed":false},"product_cat":[304,113,265],"product_tag":[],"giftcard-category":[],"class_list":{"0":"post-15864","1":"product","2":"type-product","3":"status-publish","4":"has-post-thumbnail","6":"product_cat-alocasia-da","7":"product_cat-mellemstore-planter","8":"product_cat-new-arrivals-da","9":"pa_plant-family-alocasia-da","11":"first","12":"outofstock","13":"taxable","14":"shipping-taxable","15":"purchasable","16":"product-type-simple","swatches":"rey-swatches","show_selected":""},"wooqr_code":"","acf":[],"_links":{"self":[{"href":"https:\/\/houseofbotanique.com\/da\/wp-json\/wp\/v2\/product\/15864","targetHints":{"allow":["GET"]}}],"collection":[{"href":"https:\/\/houseofbotanique.com\/da\/wp-json\/wp\/v2\/product"}],"about":[{"href":"https:\/\/houseofbotanique.com\/da\/wp-json\/wp\/v2\/types\/product"}],"replies":[{"embeddable":true,"href":"https:\/\/houseofbotanique.com\/da\/wp-json\/wp\/v2\/comments?post=15864"}],"wp:featuredmedia":[{"embeddable":true,"href":"https:\/\/houseofbotanique.com\/da\/wp-json\/wp\/v2\/media\/15866"}],"wp:attachment":[{"href":"https:\/\/houseofbotanique.com\/da\/wp-json\/wp\/v2\/media?parent=15864"}],"wp:term":[{"taxonomy":"product_cat","embeddable":true,"href":"https:\/\/houseofbotanique.com\/da\/wp-json\/wp\/v2\/product_cat?post=15864"},{"taxonomy":"product_tag","embeddable":true,"href":"https:\/\/houseofbotanique.com\/da\/wp-json\/wp\/v2\/product_tag?post=15864"},{"taxonomy":"giftcard-category","embeddable":true,"href":"https:\/\/houseofbotanique.com\/da\/wp-json\/wp\/v2\/giftcard-category?post=15864"}],"curies":[{"name":"wp","href":"https:\/\/api.w.org\/{rel}","templated":true}]}}