{"id":4614,"date":"2023-02-07T12:00:55","date_gmt":"2023-02-07T12:00:55","guid":{"rendered":"https:\/\/houseofbotanique.com\/product\/philodendron-orange-oe6-cm\/"},"modified":"2025-01-28T09:40:04","modified_gmt":"2025-01-28T09:40:04","slug":"philodendron-orange-o6cm","status":"publish","type":"product","link":"https:\/\/houseofbotanique.com\/da\/produkt\/philodendron-orange-o6cm\/","title":{"rendered":"Philodendron McColley&#8217;s Finale &#8211; \u00d86 cm"},"content":{"rendered":"<ul>\n<li data-leveltext=\"-\" data-font=\"Times New Roman\" data-listid=\"5\" data-list-defn-props=\"{\"335551671\":20,\"335552541\":1,\"335559684\":-2,\"335559685\":720,\"335559991\":360,\"469769226\":\"Times New Roman\",\"469769242\":[8226],\"469777803\":\"left\",\"469777804\":\"-\",\"469777815\":\"hybridMultilevel\"}\" aria-setsize=\"-1\" data-aria-posinset=\"20\" data-aria-level=\"1\"><span data-contrast=\"auto\">Milj\u00f8 &#8211; Ideelt placeret i et lyst milj\u00f8, dog ikke i direkte sol i m\u00e5neder med st\u00e6rk sol. Temperaturer p\u00e5 mellem 18 og 30 grader Celsius anbefales. For dig, der gerne vil passe lidt mere p\u00e5 dine planter, anbefales det, hvis du i l\u00f8bet af \u00e5ret har mulighed for at placere planten i et fugtigt milj\u00f8. Du kan ogs\u00e5 bruge en lunken vand best\u00f8vning i l\u00f8bet af ugen.<\/span><span data-ccp-props=\"{}\"> <\/span><\/li>\n<\/ul>\n<p><span data-ccp-props=\"{\"335559685\":720}\"> <\/span><\/p>\n<ul>\n<li data-leveltext=\"-\" data-font=\"Times New Roman\" data-listid=\"5\" data-list-defn-props=\"{\"335551671\":20,\"335552541\":1,\"335559684\":-2,\"335559685\":720,\"335559991\":360,\"469769226\":\"Times New Roman\",\"469769242\":[8226],\"469777803\":\"left\",\"469777804\":\"-\",\"469777815\":\"hybridMultilevel\"}\" aria-setsize=\"-1\" data-aria-posinset=\"20\" data-aria-level=\"1\"><span data-contrast=\"auto\">Vanding &#8211; Vand en gang om ugen, og s\u00f8rg for ikke at overvande, lad planten absorbere alt vandet inden for f\u00e5 timer. Hvis der er vand tilbage, skal du h\u00e6lde resten ud. Pr\u00f8v med 100-200 ml til mellemstore potter (10-12 \u00f8 cm potter) og 50 ml til miniplanter (6 cm). Efter et par dage begynder jorden at t\u00f8rre ud, og her kan du vente en dag eller to med at vande. <\/span><span data-ccp-props=\"{}\"> <\/span><\/li>\n<\/ul>\n<p><span data-ccp-props=\"{}\"> <\/span><\/p>\n<ul>\n<li data-leveltext=\"-\" data-font=\"Times New Roman\" data-listid=\"5\" data-list-defn-props=\"{\"335551671\":20,\"335552541\":1,\"335559684\":-2,\"335559685\":720,\"335559991\":360,\"469769226\":\"Times New Roman\",\"469769242\":[8226],\"469777803\":\"left\",\"469777804\":\"-\",\"469777815\":\"hybridMultilevel\"}\" aria-setsize=\"-1\" data-aria-posinset=\"20\" data-aria-level=\"1\"><span data-contrast=\"auto\">Pleje af bladene &#8211; Det er almindeligt, at de ydre blade bliver gule p\u00e5 et tidspunkt, s\u00e5 vent til bladst\u00e6nglen l\u00f8sner sig lidt fra planten, f\u00f8r du fjerner den, men g\u00f8r det med forsigtighed for at undg\u00e5 at skade planten. Hvis du bem\u00e6rker, at bladene drypper, er det ikke us\u00e6dvanligt, og det kan bl.a. skyldes overvanding eller h\u00f8jere temperaturer. <\/span><span data-ccp-props=\"{}\"> <\/span><\/li>\n<\/ul>\n<p><span data-ccp-props=\"{\"335559685\":720}\"> <\/span><\/p>\n<ul>\n<li data-leveltext=\"-\" data-font=\"Times New Roman\" data-listid=\"5\" data-list-defn-props=\"{\"335551671\":20,\"335552541\":1,\"335559684\":-2,\"335559685\":720,\"335559991\":360,\"469769226\":\"Times New Roman\",\"469769242\":[8226],\"469777803\":\"left\",\"469777804\":\"-\",\"469777815\":\"hybridMultilevel\"}\" aria-setsize=\"-1\" data-aria-posinset=\"20\" data-aria-level=\"1\"><span data-contrast=\"auto\">G\u00f8dning &#8211; Kan gives en gang om m\u00e5neden i for\u00e5rs- og sommerperioden. Om vinteren er planterne ikke s\u00e5 tilb\u00f8jelige til at vokse, og derfor vil planten ikke optage g\u00f8dningen. <\/span><span data-ccp-props=\"{}\"> <\/span><\/li>\n<\/ul>\n<p><span data-ccp-props=\"{}\"> <\/span><\/p>\n","protected":false},"excerpt":{"rendered":"<p><span class=\"TextRun SCXW217570104 BCX8\" lang=\"EN-US\" data-contrast=\"auto\" xml:lang=\"EN-US\"><span class=\"NormalTextRun SCXW217570104 BCX8\">Philodendron er den n\u00e6stst\u00f8rste familie af Araceae-planter med mere end 400 arter. Herunder nogle meget modstandsdygtige gr\u00f8nne planter i mange forskellige former og farver. Alle vores Philodendron vokser p\u00e5 jorden, men nogle af dem vokser ogs\u00e5 epifytisk. Med Philodendron kan du <\/span><span class=\"NormalTextRun SCXW217570104 BCX8\">invitere<\/span><span class=\"NormalTextRun SCXW217570104 BCX8\"> en arv fra den tropiske jungle ind i dit hjem. <\/span> <\/span><span class=\"TextRun SCXW217570104 BCX8\" lang=\"EN-US\" data-contrast=\"none\" xml:lang=\"EN-US\"><span class=\"NormalTextRun SCXW217570104 BCX8\">Philodendron er nemme at dyrke og kr\u00e6ver minimal pleje. De er ogs\u00e5 kendt for deres luftrensende egenskaber, da de fjerner toksiner fra luften. <\/span><span class=\"NormalTextRun SCXW217570104 BCX8\">Sjovt <\/span><span class=\"NormalTextRun SCXW217570104 BCX8\">fakta:<\/span><span class=\"NormalTextRun SCXW217570104 BCX8\"> navnet<\/span><span class=\"NormalTextRun SCXW217570104 BCX8\">kommer<\/span><span class=\"NormalTextRun SCXW217570104 BCX8\"> fra gr\u00e6sk og betyder k\u00e6rligt tr\u00e6, &#8220;Philo&#8221; betyder k\u00e6rlig og &#8220;Dendron&#8221; betyder tr\u00e6.<\/span><\/span><span class=\"EOP SCXW217570104 BCX8\" data-ccp-props=\"{}\"> <\/span><\/p>\n","protected":false},"featured_media":4295,"comment_status":"open","ping_status":"closed","template":"","meta":{"_acf_changed":false},"product_cat":[108,109,302],"product_tag":[],"giftcard-category":[],"class_list":{"0":"post-4614","1":"product","2":"type-product","3":"status-publish","4":"has-post-thumbnail","6":"product_cat-gronne-planter","7":"product_cat-mini-planter","8":"product_cat-nemme-indendoers-planter","9":"pa_plant-family-filodendron","11":"first","12":"outofstock","13":"taxable","14":"shipping-taxable","15":"purchasable","16":"product-type-simple","swatches":"rey-swatches","show_selected":""},"wooqr_code":"","acf":[],"_links":{"self":[{"href":"https:\/\/houseofbotanique.com\/da\/wp-json\/wp\/v2\/product\/4614","targetHints":{"allow":["GET"]}}],"collection":[{"href":"https:\/\/houseofbotanique.com\/da\/wp-json\/wp\/v2\/product"}],"about":[{"href":"https:\/\/houseofbotanique.com\/da\/wp-json\/wp\/v2\/types\/product"}],"replies":[{"embeddable":true,"href":"https:\/\/houseofbotanique.com\/da\/wp-json\/wp\/v2\/comments?post=4614"}],"wp:featuredmedia":[{"embeddable":true,"href":"https:\/\/houseofbotanique.com\/da\/wp-json\/wp\/v2\/media\/4295"}],"wp:attachment":[{"href":"https:\/\/houseofbotanique.com\/da\/wp-json\/wp\/v2\/media?parent=4614"}],"wp:term":[{"taxonomy":"product_cat","embeddable":true,"href":"https:\/\/houseofbotanique.com\/da\/wp-json\/wp\/v2\/product_cat?post=4614"},{"taxonomy":"product_tag","embeddable":true,"href":"https:\/\/houseofbotanique.com\/da\/wp-json\/wp\/v2\/product_tag?post=4614"},{"taxonomy":"giftcard-category","embeddable":true,"href":"https:\/\/houseofbotanique.com\/da\/wp-json\/wp\/v2\/giftcard-category?post=4614"}],"curies":[{"name":"wp","href":"https:\/\/api.w.org\/{rel}","templated":true}]}}