{"id":4624,"date":"2023-02-09T14:07:35","date_gmt":"2023-02-09T14:07:35","guid":{"rendered":"https:\/\/houseofbotanique.com\/product\/calathea-purple-roseopicta-rosey-oe6-cm\/"},"modified":"2026-02-25T13:08:29","modified_gmt":"2026-02-25T13:08:29","slug":"calathea-purple-roseopicta-rosey-o6-cm-2","status":"publish","type":"product","link":"https:\/\/houseofbotanique.com\/da\/produkt\/calathea-purple-roseopicta-rosey-o6-cm-2\/","title":{"rendered":"Calathea Purple Roseopicta Rosey &#8211; \u00d86 cm"},"content":{"rendered":"<ul>\n<li data-leveltext=\"-\" data-font=\"Times New Roman\" data-listid=\"2\" data-list-defn-props=\"{\"335551671\":20,\"335552541\":1,\"335559684\":-2,\"335559685\":720,\"335559991\":360,\"469769226\":\"Times New Roman\",\"469769242\":[8226],\"469777803\":\"left\",\"469777804\":\"-\",\"469777815\":\"hybridMultilevel\"}\" aria-setsize=\"-1\" data-aria-posinset=\"20\" data-aria-level=\"1\"><span data-contrast=\"auto\">Milj\u00f8 &#8211; Ideelt placeret i et lyst milj\u00f8, dog ikke i direkte sol i m\u00e5neder med st\u00e6rk sol. Temperaturer p\u00e5 mellem 18 og 30 grader Celsius anbefales. S\u00f8rg for at undg\u00e5 kolde briser fra \u00e5bne vinduer eller d\u00f8re p\u00e5 kolde dage.  <\/span><span data-ccp-props=\"{}\"> <\/span><\/li>\n<\/ul>\n<p><span data-ccp-props=\"{}\"> <\/span><\/p>\n<ul>\n<li data-leveltext=\"-\" data-font=\"Times New Roman\" data-listid=\"2\" data-list-defn-props=\"{\"335551671\":20,\"335552541\":1,\"335559684\":-2,\"335559685\":720,\"335559991\":360,\"469769226\":\"Times New Roman\",\"469769242\":[8226],\"469777803\":\"left\",\"469777804\":\"-\",\"469777815\":\"hybridMultilevel\"}\" aria-setsize=\"-1\" data-aria-posinset=\"20\" data-aria-level=\"1\"><span data-contrast=\"auto\">Vanding &#8211; Vand en gang om ugen, og s\u00f8rg for ikke at overvande, lad planten absorbere alt vandet inden for f\u00e5 timer. Hvis der er vand tilbage, skal du h\u00e6lde resten ud. Pr\u00f8v med 100-200 ml til mellemstore potter (10-12 \u00f8 cm potter) og 50 ml til miniplanter (6 cm). Efter nogle dage vil jorden begynde at t\u00f8rre ud, og her skal du s\u00f8rge for, at jorden forbliver lidt fugtig, da det kan give brune spidser p\u00e5 bladene, hvis jorden t\u00f8rrer helt ud. I vinterperioder med mindre v\u00e6kst kan du vente lidt l\u00e6ngere mellem vandingerne, men jorden skal stadig v\u00e6re fugtig.  <\/span><span data-ccp-props=\"{}\"> <\/span><\/li>\n<\/ul>\n<p><span data-ccp-props=\"{\"335559685\":720}\"> <\/span><\/p>\n<ul>\n<li data-leveltext=\"-\" data-font=\"Calibri\" data-listid=\"1\" data-list-defn-props=\"{\"335551671\":20,\"335552541\":1,\"335559684\":-2,\"335559685\":720,\"335559991\":360,\"469769226\":\"Calibri\",\"469769242\":[8226],\"469777803\":\"left\",\"469777804\":\"-\",\"469777815\":\"hybridMultilevel\"}\" aria-setsize=\"-1\" data-aria-posinset=\"20\" data-aria-level=\"1\"><span data-contrast=\"auto\">Pleje af blade &#8211; Pleje af blade &#8211; Det er almindeligt, at de ydre blade bliver gule p\u00e5 et tidspunkt, vent til bladst\u00e6nglen l\u00f8sner sig lidt fra planten, f\u00f8r du fjerner den, men g\u00f8r det med forsigtighed for at undg\u00e5 at skade planten. Hvis du bem\u00e6rker, at bladene vender sig i l\u00f8bet af dagen, er det helt normalt, da de s\u00f8ger mod solen.  <\/span><span data-ccp-props=\"{}\"> <\/span><\/li>\n<\/ul>\n<p><span data-ccp-props=\"{\"335559685\":720}\"> <\/span><\/p>\n<ul>\n<li data-leveltext=\"-\" data-font=\"Times New Roman\" data-listid=\"2\" data-list-defn-props=\"{\"335551671\":20,\"335552541\":1,\"335559684\":-2,\"335559685\":720,\"335559991\":360,\"469769226\":\"Times New Roman\",\"469769242\":[8226],\"469777803\":\"left\",\"469777804\":\"-\",\"469777815\":\"hybridMultilevel\"}\" aria-setsize=\"-1\" data-aria-posinset=\"20\" data-aria-level=\"1\"><span data-contrast=\"auto\">G\u00f8dning &#8211; Kan gives en gang om m\u00e5neden i for\u00e5rs- og sommerperioden. Om vinteren er planten ikke s\u00e5 tilb\u00f8jelig til at vokse, og derfor vil planten ikke optage g\u00f8dningen.  <\/span><span data-ccp-props=\"{}\"> <\/span><\/li>\n<\/ul>\n","protected":false},"excerpt":{"rendered":"<p><span class=\"TextRun SCXW38289945 BCX8\" lang=\"EN-US\" data-contrast=\"auto\" xml:lang=\"EN-US\"><span class=\"NormalTextRun SCXW38289945 BCX8\">Calathea, ogs\u00e5 kendt som p\u00e5fugleplante, er en farverig tropisk plante, der er hjemmeh\u00f8rende i Latin- og Sydamerika. Der findes mere end 100 sorter, hvilket g\u00f8r denne art meget alsidig til boligdekorationer. Med denne tropiske plante f\u00e5r dit hjem et gr\u00f8nt og farverigt pr\u00e6g. For plantesamleren er dette en oplagt art, da der er rig mulighed for at indsamle forskellige planter med  <\/span><span class=\"NormalTextRun SCXW38289945 BCX8\">behovet<\/span><span class=\"NormalTextRun SCXW38289945 BCX8\"> samme form for pleje.<\/span><\/span><span class=\"EOP SCXW38289945 BCX8\" data-ccp-props=\"{}\"> <\/span><\/p>\n","protected":false},"featured_media":4500,"comment_status":"open","ping_status":"closed","template":"","meta":{"_acf_changed":false},"product_cat":[108,109],"product_tag":[],"giftcard-category":[],"class_list":{"0":"post-4624","1":"product","2":"type-product","3":"status-publish","4":"has-post-thumbnail","6":"product_cat-gronne-planter","7":"product_cat-mini-planter","8":"pa_plant-family-calathea-da","10":"first","11":"outofstock","12":"taxable","13":"shipping-taxable","14":"purchasable","15":"product-type-simple","swatches":"rey-swatches","show_selected":""},"wooqr_code":"","acf":[],"_links":{"self":[{"href":"https:\/\/houseofbotanique.com\/da\/wp-json\/wp\/v2\/product\/4624","targetHints":{"allow":["GET"]}}],"collection":[{"href":"https:\/\/houseofbotanique.com\/da\/wp-json\/wp\/v2\/product"}],"about":[{"href":"https:\/\/houseofbotanique.com\/da\/wp-json\/wp\/v2\/types\/product"}],"replies":[{"embeddable":true,"href":"https:\/\/houseofbotanique.com\/da\/wp-json\/wp\/v2\/comments?post=4624"}],"wp:featuredmedia":[{"embeddable":true,"href":"https:\/\/houseofbotanique.com\/da\/wp-json\/wp\/v2\/media\/4500"}],"wp:attachment":[{"href":"https:\/\/houseofbotanique.com\/da\/wp-json\/wp\/v2\/media?parent=4624"}],"wp:term":[{"taxonomy":"product_cat","embeddable":true,"href":"https:\/\/houseofbotanique.com\/da\/wp-json\/wp\/v2\/product_cat?post=4624"},{"taxonomy":"product_tag","embeddable":true,"href":"https:\/\/houseofbotanique.com\/da\/wp-json\/wp\/v2\/product_tag?post=4624"},{"taxonomy":"giftcard-category","embeddable":true,"href":"https:\/\/houseofbotanique.com\/da\/wp-json\/wp\/v2\/giftcard-category?post=4624"}],"curies":[{"name":"wp","href":"https:\/\/api.w.org\/{rel}","templated":true}]}}