{"id":8045,"date":"2023-07-15T15:42:27","date_gmt":"2023-07-15T15:42:27","guid":{"rendered":"https:\/\/houseofbotanique.com\/product\/alocasia-mickey-mouse-oe-6cm\/"},"modified":"2023-08-30T18:46:26","modified_gmt":"2023-08-30T18:46:26","slug":"alocasia-xanthosoma-mickey-mouse-o-6cm","status":"publish","type":"product","link":"https:\/\/houseofbotanique.com\/da\/produkt\/alocasia-xanthosoma-mickey-mouse-o-6cm\/","title":{"rendered":"Alocasia Xanthosoma Mickey Mouse &#8211; \u00d8 6cm"},"content":{"rendered":"<p>Denne Alocasia Xanthosoma-sort trives bedst i st\u00e6rkt, indirekte lys, men den kan ogs\u00e5 t\u00e5le halvskygge. Den foretr\u00e6kker let fugtig jord og regelm\u00e6ssig vanding, s\u00e5 den \u00f8verste tomme af jorden kan t\u00f8rre ud mellem vandingerne. Den s\u00e6tter pris p\u00e5 en h\u00f8jere luftfugtighed, s\u00e5 det kan v\u00e6re en fordel at spraye bladene eller placere den i n\u00e6rheden af en luftfugter, is\u00e6r i t\u00f8rre indend\u00f8rs milj\u00f8er.<\/p>\n<p>&nbsp;<\/p>\n<ul>\n<li>Milj\u00f8 &#8211; Ideelt placeret i et lyst milj\u00f8, dog ikke i direkte sol i m\u00e5neder med st\u00e6rk sol. Temperaturer p\u00e5 mellem 18 og 30 grader Celsius anbefales.<\/li>\n<\/ul>\n<p>&nbsp;<\/p>\n<ul>\n<li>Vanding &#8211; Vand en gang om ugen, og s\u00f8rg for ikke at overvande, lad planten absorbere alt vandet inden for et par timer. Hvis der er noget vand tilbage, skal du h\u00e6lde resten ud. Pr\u00f8v med 100-200 ml til mellemstore potter (10-12 \u00f8 cm potter) og 50 ml til miniplanter (6 cm). Efter et nogle begynder jorden at t\u00f8rre ud, og her kan du vente en dag eller to med at vande. I vinterperioder med mindre v\u00e6kst kan du vente ca. 14 dage mellem vanding.<\/li>\n<\/ul>\n<p>&nbsp;<\/p>\n<ul>\n<li>Pleje af bladene &#8211; Det er almindeligt, at de ydre blade bliver gule p\u00e5 et tidspunkt, s\u00e5 vent til bladst\u00e6nglen l\u00f8sner sig lidt fra planten, f\u00f8r du fjerner den, men g\u00f8r det med forsigtighed for at undg\u00e5 at skade planten. Hvis du bem\u00e6rker, at bladene drypper, er det ikke us\u00e6dvanligt, og det kan bl.a. skyldes overvanding eller h\u00f8jere temperaturer.<\/li>\n<\/ul>\n<p>&nbsp;<\/p>\n<ul>\n<li>G\u00f8dning &#8211; Kan gives en gang om m\u00e5neden i for\u00e5rs- og sommerperioden. Om vinteren er planten ikke s\u00e5 tilb\u00f8jelig til at vokse, og derfor vil planten ikke optage g\u00f8dningen.<\/li>\n<\/ul>\n<p>&nbsp;<\/p>\n<p>&nbsp;<\/p>\n","protected":false},"excerpt":{"rendered":"<p>Alocasia Xanthosoma &#8220;Mickey Mouse&#8221; er en charmerende og s\u00e6rpr\u00e6get tropisk plante, der er opkaldt efter den ikoniske Disney-figur p\u00e5 grund af sine unikt formede blade. De hjerteformede blade p\u00e5 denne Alocasia har en umiskendelig silhuet, der ligner Mickey Mouse&#8217;s \u00f8rer, komplet med markante, symmetriske flige.<\/p>\n<p>Det frodige, blanke l\u00f8v har en levende gr\u00f8n nuance med fremtr\u00e6dende \u00e5rer, der g\u00f8r det endnu mere attraktivt at se p\u00e5. Denne Alocasia-sort forbliver relativt kompakt, hvilket g\u00f8r den velegnet til bordplader, hylder eller som en dejlig accent i forskellige rum.<\/p>\n<div class=\"group w-full text-token-text-primary border-b border-black\/10 dark:border-gray-900\/50 bg-gray-50 dark:bg-[#444654]\">\n<div class=\"flex p-4 gap-4 text-base md:gap-6 md:max-w-2xl lg:max-w-[38rem] xl:max-w-3xl md:py-6 lg:px-0 m-auto\">\n<div class=\"relative flex w-[calc(100%-50px)] flex-col gap-1 md:gap-3 lg:w-[calc(100%-115px)]\">\n<div class=\"flex flex-grow flex-col gap-3\">\n<div class=\"min-h-[20px] flex flex-col items-start gap-3 overflow-x-auto whitespace-pre-wrap break-words\">\n<div class=\"markdown prose w-full break-words dark:prose-invert light\">\n<p>Med sin finurlige lighed med en elsket figur og sit elegante l\u00f8v tilf\u00f8jer Alocasia &#8220;Mickey Mouse&#8221; et strejf af legesyge og naturens kunstf\u00e6rdighed til indretningen. Uanset om du er en Disney-entusiast eller en planteelsker, der s\u00f8ger en unik tilf\u00f8jelse, vil denne Alocasia helt sikkert fange hjerter og opm\u00e6rksomhed.<\/p>\n<\/div>\n<\/div>\n<\/div>\n<\/div>\n<\/div>\n<\/div>\n","protected":false},"featured_media":8040,"comment_status":"open","ping_status":"closed","template":"","meta":{"_acf_changed":false},"product_cat":[125,108,109,229],"product_tag":[],"giftcard-category":[],"class_list":{"0":"post-8045","1":"product","2":"type-product","3":"status-publish","4":"has-post-thumbnail","6":"product_cat-alle-produkter","7":"product_cat-gronne-planter","8":"product_cat-mini-planter","9":"product_cat-alle-planter","10":"pa_plant-family-alocasia-da","12":"first","13":"outofstock","14":"taxable","15":"shipping-taxable","16":"purchasable","17":"product-type-simple","swatches":"rey-swatches","show_selected":""},"wooqr_code":"","acf":[],"_links":{"self":[{"href":"https:\/\/houseofbotanique.com\/da\/wp-json\/wp\/v2\/product\/8045","targetHints":{"allow":["GET"]}}],"collection":[{"href":"https:\/\/houseofbotanique.com\/da\/wp-json\/wp\/v2\/product"}],"about":[{"href":"https:\/\/houseofbotanique.com\/da\/wp-json\/wp\/v2\/types\/product"}],"replies":[{"embeddable":true,"href":"https:\/\/houseofbotanique.com\/da\/wp-json\/wp\/v2\/comments?post=8045"}],"wp:featuredmedia":[{"embeddable":true,"href":"https:\/\/houseofbotanique.com\/da\/wp-json\/wp\/v2\/media\/8040"}],"wp:attachment":[{"href":"https:\/\/houseofbotanique.com\/da\/wp-json\/wp\/v2\/media?parent=8045"}],"wp:term":[{"taxonomy":"product_cat","embeddable":true,"href":"https:\/\/houseofbotanique.com\/da\/wp-json\/wp\/v2\/product_cat?post=8045"},{"taxonomy":"product_tag","embeddable":true,"href":"https:\/\/houseofbotanique.com\/da\/wp-json\/wp\/v2\/product_tag?post=8045"},{"taxonomy":"giftcard-category","embeddable":true,"href":"https:\/\/houseofbotanique.com\/da\/wp-json\/wp\/v2\/giftcard-category?post=8045"}],"curies":[{"name":"wp","href":"https:\/\/api.w.org\/{rel}","templated":true}]}}