{"id":9403,"date":"2024-01-26T18:15:19","date_gmt":"2024-01-26T18:15:19","guid":{"rendered":"https:\/\/houseofbotanique.com\/product\/tradescantia-soedme-oe-6cm\/"},"modified":"2024-07-05T14:48:49","modified_gmt":"2024-07-05T14:48:49","slug":"tradescantia-sodme-o-6cm","status":"publish","type":"product","link":"https:\/\/houseofbotanique.com\/da\/produkt\/tradescantia-sodme-o-6cm\/","title":{"rendered":"Tradescantia Sweetness &#8211; \u00d8 6cm"},"content":{"rendered":"<p>Tradescantias foretr\u00e6kker st\u00e6rkt, indirekte lys, men den skal beskyttes mod direkte sollys. Direkte sollys kan br\u00e6nde bladene og f\u00e5 dem til at visne. Denne plante kan lide at blive holdt fugtig, men ikke vandm\u00e6ttet. Overvanding kan f\u00e5 r\u00f8dderne til at r\u00e5dne, s\u00e5 det er vigtigt at s\u00f8rge for, at jorden har et godt dr\u00e6n.<\/p>\n<ul>\n<li>Milj\u00f8 &#8211; Ideelt placeret i et lyst milj\u00f8, dog ikke i direkte sol i m\u00e5neder med st\u00e6rk sol. Temperaturer p\u00e5 mellem 18 og 30 grader Celsius anbefales. S\u00f8rg for at undg\u00e5 kolde briser fra \u00e5bne vinduer eller d\u00f8re p\u00e5 kolde dage.<\/li>\n<\/ul>\n<p>&nbsp;<\/p>\n<ul>\n<li>Vanding &#8211; Vand en gang om ugen, og s\u00f8rg for ikke at overvande, lad planten absorbere alt vandet inden for f\u00e5 timer. Hvis der er vand tilbage, skal du h\u00e6lde resten ud. Pr\u00f8v med 100-200 ml til mellemstore potter (10-12 \u00f8 cm potter) og 50 ml til miniplanter (6 cm). Efter nogle dage vil jorden begynde at t\u00f8rre ud, og her skal du s\u00f8rge for, at jorden forbliver lidt fugtig, da det kan give brune spidser p\u00e5 bladene, hvis jorden t\u00f8rrer helt ud. I vinterperioder med mindre v\u00e6kst kan du vente lidt l\u00e6ngere mellem vandingerne, men jorden skal stadig v\u00e6re fugtig.<\/li>\n<\/ul>\n<p>&nbsp;<\/p>\n<ul>\n<li>Pleje af blade &#8211; Pleje af blade &#8211; Det er almindeligt, at de ydre blade bliver gule p\u00e5 et tidspunkt, vent til bladst\u00e6nglen l\u00f8sner sig lidt fra planten, f\u00f8r du fjerner den, men g\u00f8r det med forsigtighed for at undg\u00e5 at skade planten. Hvis du bem\u00e6rker, at bladene vender sig i l\u00f8bet af dagen, er det helt normalt, da de s\u00f8ger mod solen.<\/li>\n<\/ul>\n<p>&nbsp;<\/p>\n<ul>\n<li>G\u00f8dning &#8211; Kan gives en gang om m\u00e5neden i for\u00e5rs- og sommerperioden. Om vinteren er planten ikke s\u00e5 tilb\u00f8jelig til at vokse, og derfor vil planten ikke optage g\u00f8dningen.<\/li>\n<\/ul>\n<p>&nbsp;<\/p>\n<p>&nbsp;<\/p>\n<p>&nbsp;<\/p>\n","protected":false},"excerpt":{"rendered":"<p>Tradescantia Sweetness, en botanisk fryd, der omdefinerer kompakt elegance med sine charmerende lyser\u00f8de og mintgr\u00f8nne blade. Denne dejlige Tradescantia-sort er kendetegnet ved sin lille st\u00f8rrelse, hvilket g\u00f8r den til et ideelt valg for dem, der s\u00f8ger et strejf af s\u00f8dme i mindre rum.<\/p>\n<p>Denne Tradescantia folder sine fine blade ud, hver is\u00e6r en harmonisk blanding af sart rosa og forfriskende mintgr\u00f8n. Dens kompakte natur g\u00f8r den ikke kun nem at passe, men giver dig ogs\u00e5 mulighed for at introducere et udbrud af pastelcharme i dit hjem eller p\u00e5 kontoret.<\/p>\n<p>Udforsk den enest\u00e5ende charme ved Tradescantia Sweetness, der er ber\u00f8mt for sin kompakte form og en farvepalet, der udstr\u00e5ler en f\u00f8lelse af botanisk delikatesse. Uanset om du er en erfaren planteentusiast eller lige er begyndt p\u00e5 din gr\u00f8nne rejse, lover denne sort en subtil s\u00f8dme, der tilf\u00f8jer et strejf af naturlig sk\u00f8nhed til dine omgivelser.<\/p>\n<p>Giv din indretning et l\u00f8ft med Tradescantia Sweetness, en plante, der er indbegrebet af enkelthedens sk\u00f8nhed. Med sin kompakte st\u00f8rrelse og blide farver er denne Tradescantia-sort en dejlig tilf\u00f8jelse, der bringer et strejf af s\u00f8d ro til ethvert rum.<\/p>\n","protected":false},"featured_media":9394,"comment_status":"open","ping_status":"closed","template":"","meta":{"_acf_changed":false},"product_cat":[125,300,108,109,368],"product_tag":[],"giftcard-category":[],"class_list":{"0":"post-9403","1":"product","2":"type-product","3":"status-publish","4":"has-post-thumbnail","6":"product_cat-alle-produkter","7":"product_cat-crazyplantgirldk-da","8":"product_cat-gronne-planter","9":"product_cat-mini-planter","10":"product_cat-pink-planter-kollektion","11":"pa_plant-family-tradescantia-da","13":"first","14":"outofstock","15":"taxable","16":"shipping-taxable","17":"purchasable","18":"product-type-simple","swatches":"rey-swatches","show_selected":""},"wooqr_code":"","acf":[],"_links":{"self":[{"href":"https:\/\/houseofbotanique.com\/da\/wp-json\/wp\/v2\/product\/9403","targetHints":{"allow":["GET"]}}],"collection":[{"href":"https:\/\/houseofbotanique.com\/da\/wp-json\/wp\/v2\/product"}],"about":[{"href":"https:\/\/houseofbotanique.com\/da\/wp-json\/wp\/v2\/types\/product"}],"replies":[{"embeddable":true,"href":"https:\/\/houseofbotanique.com\/da\/wp-json\/wp\/v2\/comments?post=9403"}],"wp:featuredmedia":[{"embeddable":true,"href":"https:\/\/houseofbotanique.com\/da\/wp-json\/wp\/v2\/media\/9394"}],"wp:attachment":[{"href":"https:\/\/houseofbotanique.com\/da\/wp-json\/wp\/v2\/media?parent=9403"}],"wp:term":[{"taxonomy":"product_cat","embeddable":true,"href":"https:\/\/houseofbotanique.com\/da\/wp-json\/wp\/v2\/product_cat?post=9403"},{"taxonomy":"product_tag","embeddable":true,"href":"https:\/\/houseofbotanique.com\/da\/wp-json\/wp\/v2\/product_tag?post=9403"},{"taxonomy":"giftcard-category","embeddable":true,"href":"https:\/\/houseofbotanique.com\/da\/wp-json\/wp\/v2\/giftcard-category?post=9403"}],"curies":[{"name":"wp","href":"https:\/\/api.w.org\/{rel}","templated":true}]}}